{"id":583,"date":"2024-03-12T15:09:45","date_gmt":"2024-03-12T15:09:45","guid":{"rendered":"https:\/\/biusmile.com\/sorriso-hollywoodiano\/"},"modified":"2024-11-14T12:53:49","modified_gmt":"2024-11-14T12:53:49","slug":"sorriso-hollywoodiano","status":"publish","type":"page","link":"https:\/\/biusmile.com\/it\/sorriso-hollywoodiano\/","title":{"rendered":"Sorriso hollywoodiano"},"content":{"rendered":"\n<div class=\"wp-block-rank-math-toc-block has-text-color has-link-color wp-elements-4c09c3d6b98bd55a9a81dca8216d3268\" style=\"color:#2321b7\" id=\"rank-math-toc\"><h2>Indice dei Contenuti<\/h2><nav><ul><li class=\"\"><a href=\"#che-cose-l-hollywood-smile\">Che cos&#8217;\u00e8 l&#8217;Hollywood Smile?<\/a><\/li><li class=\"\"><a href=\"#quali-sono-i-metodi-per-ottenere-un-sorriso-hollywoodiano-in-turchia\">Quali sono i metodi per ottenere un sorriso hollywoodiano in Turchia?<\/a><\/li><li class=\"\"><a href=\"#vantaggi-e-caratteristiche-del-sorriso-hollywoodiano\">Vantaggi e caratteristiche del sorriso hollywoodiano<\/a><\/li><li class=\"\"><a href=\"#chi-e-il-candidato-ideale-per-un-sorriso-hollywoodiano\">Chi \u00e8 il candidato ideale per un sorriso hollywoodiano<\/a><\/li><li class=\"\"><a href=\"#perche-le-persone-scelgono-la-turchia-per-ottenere-un-sorriso-hollywoodiano\">Perch\u00e9 le persone scelgono la Turchia per ottenere un sorriso hollywoodiano?<\/a><\/li><li class=\"\"><a href=\"#quali-sono-le-fasi-per-ottenere-un-sorriso-hollywoodiano\">Quali sono le fasi per ottenere un sorriso hollywoodiano?<\/a><\/li><li class=\"\"><a href=\"#il-sorriso-hollywoodiano-e-permanente\">Il sorriso hollywoodiano \u00e8 permanente?<\/a><\/li><li class=\"\"><a href=\"#il-costo-di-un-sorriso-hollywoodiano\">Il costo di un sorriso hollywoodiano<\/a><\/li><li class=\"\"><a href=\"#qual-e-il-costo-di-un-sorriso-hollywoodiano-in-turchia\">Qual \u00e8 il costo di un sorriso hollywoodiano in Turchia?<\/a><\/li><li class=\"\"><a href=\"#other-treatments\">Altri Trattamenti<\/a><\/li><li class=\"\"><a href=\"#impianto-dentale\">Impianto dentale<\/a><\/li><li class=\"\"><a href=\"#faccette\">Faccette<\/a><\/li><\/ul><\/nav><\/div>\n\n\n\n<h2 class=\"wp-block-heading has-pw-main-color has-text-color has-link-color wp-elements-73bf82a1965a7cc2d7867ec7beba0705\" id=\"che-cose-l-hollywood-smile\"><strong>Che cos&#8217;\u00e8 l&#8217;Hollywood Smile?<\/strong><\/h2>\n\n\n\n<p>Il termine \u201c <a href=\"https:\/\/en.wikipedia.org\/wiki\/Smile\" target=\"_blank\" rel=\"noopener\">sorriso<\/a> hollywoodiano\u201d si riferisce a un trattamento o a un gruppo di trattamenti odontoiatrici cosmetici. Comparso per la prima volta negli Stati Uniti, si \u00e8 poi diffuso in tutto il mondo e non \u00e8 pi\u00f9 limitato alle star. L&#8217;obiettivo di queste procedure \u00e8 ottenere un sorriso bianco e brillante come quello delle star di Hollywood. Questo risultato si ottiene solitamente con lo sbiancamento dei denti, con l&#8217;applicazione di faccette dentali o con impianti dentali.<\/p>\n\n\n\n<p>Ci sono molti modi per sbiancare i denti in Turchia, che si basano sulle pi\u00f9 recenti tecnologie. Per quanto riguarda le faccette, si tratta di croste di porcellana o ceramica che vengono applicate sui denti per ottenere i risultati desiderati<strong>.<\/strong><\/p>\n\n\n\n<figure class=\"wp-block-embed is-type-video is-provider-youtube wp-block-embed-youtube wp-embed-aspect-16-9 wp-has-aspect-ratio\"><div class=\"wp-block-embed__wrapper\">\n<iframe loading=\"lazy\" title=\"Zirconium crown  Placements\" width=\"500\" height=\"281\" src=\"https:\/\/www.youtube.com\/embed\/UsWhHpB8wdg?feature=oembed\" frameborder=\"0\" allow=\"accelerometer; autoplay; clipboard-write; encrypted-media; gyroscope; picture-in-picture; web-share\" referrerpolicy=\"strict-origin-when-cross-origin\" allowfullscreen><\/iframe>\n<\/div><\/figure>\n\n\n\n<h2 class=\"wp-block-heading has-pw-main-color has-text-color has-link-color wp-elements-35b06d0449d0e05443c1732f5517cc27\" id=\"quali-sono-i-metodi-per-ottenere-un-sorriso-hollywoodiano-in-turchia\"><strong>Quali sono i metodi per ottenere un sorriso hollywoodiano in Turchia?<\/strong><\/h2>\n\n\n\n<p>Esistono diversi metodi per ottenere un sorriso hollywoodiano, ognuno dei quali presenta caratteristiche e vantaggi.<\/p>\n\n\n\n<h3 class=\"wp-block-heading has-text-color has-link-color wp-elements-e8d310235b96f03b497cbb1a8580ec3e\" id=\"1-sorriso-hollywoodiano-grazie-alle-faccette-dentali\" style=\"color:#3260d7\"><strong>1) Sorriso hollywoodiano grazie alle faccette dentali:<\/strong><\/h3>\n\n\n\n<p><strong> <\/strong>una faccetta dentale \u00e8 semplicemente un sottile rivestimento del dente che viene progettato e scolpito per adattarsi ai vostri denti. Sia che le faccette dentali siano realizzate in porcellana o in materiali compositi, sono accuratamente progettate per adattarsi alla parte anteriore dei denti e coprire eventuali difetti esistenti. Sono adatte a chi vuole avere un bel sorriso naturale o un sorriso bianco brillante.<\/p>\n\n\n\n<h3 class=\"wp-block-heading has-text-color has-link-color wp-elements-8bc51d49145db74957c7c66ad43f1f66\" id=\"2-sorriso-hollywoodiano-con-le-corone-in-zirconio\" style=\"color:#3260d7\"><strong>2)Sorriso hollywoodiano con le corone in zirconio:<\/strong><\/h3>\n\n\n\n<p>Le corone in zirconio o <a href=\"https:\/\/biusmile.com\/it\/corone-in-zirconio-la-scelta-ideale-per-il-restauro-dentale\/\">zirconio<\/a> sono corone che vengono posizionate sul dente per conferirgli un aspetto naturale oltre a migliorare le funzioni dentali. Sono note per la loro durata e resistenza. Le corone in zirconio possono essere applicate sul dente stesso, dopo che il dentista specializzato lo ha preparato e levigato, e possono anche essere collocate su impianti dentali.<\/p>\n\n\n\n<h3 class=\"wp-block-heading has-text-color has-link-color wp-elements-6fe7085cfb43938589200fd9c93ce6cd\" id=\"3-sorriso-hollywoodiano-grazie-allo-sbiancamento-dei-denti\" style=\"color:#3260d7\"><strong>3) Sorriso hollywoodiano grazie allo sbiancamento dei denti:<\/strong><\/h3>\n\n\n\n<p>Lo sbiancamento dei denti \u00e8 uno dei metodi pi\u00f9 semplici ed efficaci per chi desidera denti bianchi senza sottoporsi a procedure come le faccette o le corone in zirconio. Tuttavia, questa procedura non \u00e8 sempre efficace nei casi in cui la pigmentazione \u00e8 grave.<\/p>\n\n\n\n<h3 class=\"wp-block-heading has-text-color has-link-color wp-elements-0f4b7a0ce0e5ad270036a529b8c2afbf\" id=\"4-sorriso-hollywoodiano-grazie-agli-impianti-dentali\" style=\"color:#3260d7\"><strong>4)Sorriso hollywoodiano grazie agli impianti dentali:<\/strong><\/h3>\n\n\n\n<p>Molte persone soffrono della perdita di un dente o di un certo numero di denti nella bocca, e in questo caso \u00e8 difficile applicare faccette o corone in zirconio a meno che non ci sia un impianto dentale. Esistono molti tipi di <a href=\"https:\/\/biusmile.com\/it\/impianti-dentali-la-soluzione-permanente-per-i-denti-mancanti\/\">impianti<\/a> dentali e molti metodi di impianto, come l&#8217;aggiunta di un impianto per ogni dente mancante o l&#8217;aggiunta di un numero specifico di impianti per coprire l&#8217;intera mascella.<\/p>\n\n\n\n<p><em>Alle Cliniche BiuSmile vi garantiamo che riceverete impianti dentali ideali che dureranno per tutta la vita, perch\u00e9 i nostri medici sono tra i migliori dentisti in Turchia e perch\u00e9 i materiali utilizzati nella nostra clinica sono i migliori e di pi\u00f9 alta qualit\u00e0 in assoluto.<\/em><\/p>\n\n\n\n<figure class=\"wp-block-image size-full\"><img loading=\"lazy\" decoding=\"async\" width=\"1024\" height=\"536\" src=\"https:\/\/biusmile.com\/wp-content\/uploads\/2024\/10\/Hollywood-Smile.jpg\" alt=\"Hollywood Smile\" class=\"wp-image-1471\" srcset=\"https:\/\/biusmile.com\/wp-content\/uploads\/2024\/10\/Hollywood-Smile.jpg 1024w, https:\/\/biusmile.com\/wp-content\/uploads\/2024\/10\/Hollywood-Smile-300x157.jpg 300w, https:\/\/biusmile.com\/wp-content\/uploads\/2024\/10\/Hollywood-Smile-768x402.jpg 768w\" sizes=\"auto, (max-width: 1024px) 100vw, 1024px\" \/><\/figure>\n\n\n\n<h2 class=\"wp-block-heading has-pw-main-color has-text-color has-link-color wp-elements-7fb8f8c62cd4ca8f3b66d5cefb72b6d0\" id=\"vantaggi-e-caratteristiche-del-sorriso-hollywoodiano\"><strong>Vantaggi e caratteristiche del sorriso hollywoodiano<\/strong><\/h2>\n\n\n\n<p>&#8211; Il beneficio pi\u00f9 importante di un sorriso hollywoodiano \u00e8 il raggiungimento di uno stato ideale di salute della bocca e dei denti.<\/p>\n\n\n\n<p>&#8211; \u00c8 la scelta ideale per chi vuole migliorare il proprio aspetto generale e aumentare la fiducia in se stesso, poich\u00e9 \u00e8 stato dimostrato che chi si sottopone a questa procedura gode di migliori relazioni sociali e professionali.<\/p>\n\n\n\n<p>&#8211; Non sar\u00e0 pi\u00f9 necessario vergognarsi del proprio sorriso in presenza di pigmentazione sui denti. Al contrario, si potr\u00e0 sempre sorridere con fiducia.<\/p>\n\n\n\n<p>&#8211; Migliorare lo stato di salute della bocca e dei denti aiuta a correggere molti problemi ad essi correlati, come ad esempio l&#8217;indigestione.<\/p>\n\n\n\n<p>&nbsp;<\/p>\n\n\n\n<h2 class=\"wp-block-heading has-pw-main-color has-text-color has-link-color wp-elements-4b8e8a81f161dbb592f6925b016241ca\" id=\"chi-e-il-candidato-ideale-per-un-sorriso-hollywoodiano\"><strong>Chi \u00e8 il candidato ideale per un sorriso hollywoodiano<\/strong><\/h2>\n\n\n\n<p>Abbiamo gi\u00e0 detto che il sorriso hollywoodiano pu\u00f2 essere ottenuto seguendo una procedura o un insieme di procedure, e possiamo dire che il sorriso hollywoodiano \u00e8 adatto a celebrit\u00e0, attori, modelli, social influencer e a chiunque voglia avere un aspetto attraente. In tutti i casi, la persona che vuole ottenere un sorriso hollywoodiano deve essere in buona salute. Per quanto riguarda le donne, \u00e8 preferibile non essere incinte o in fase di allattamento durante il trattamento. Inoltre, la persona deve essere in grado di seguire i consigli del medico su ci\u00f2 che avviene dopo l&#8217;intervento, in modo da mantenere la salute dei propri denti per un periodo di tempo pi\u00f9 lungo.<\/p>\n\n\n\n<p>Va inoltre ricordato che un sorriso hollywoodiano non \u00e8 possibile per chi soffre di alcune malattie croniche.<\/p>\n\n\n\n<p><em>Presso le cliniche Biusmile, riceverete un consulto gratuito in cui le vostre condizioni di salute e la vostra storia clinica saranno discusse con un medico specialista, in modo da potervi garantire il miglior piano di trattamento possibile, lontano da qualsiasi rischio o negativit\u00e0 che possa insorgere.<\/em><\/p>\n\n\n\n<h2 class=\"wp-block-heading has-pw-main-color has-text-color has-link-color wp-elements-b1245406a438c4f9aa8faa28b595c76a\" id=\"perche-le-persone-scelgono-la-turchia-per-ottenere-un-sorriso-hollywoodiano\"><strong>Perch\u00e9 le persone scelgono la Turchia per ottenere un sorriso hollywoodiano?<\/strong><\/h2>\n\n\n\n<p>L&#8217;odontoiatria in Turchia \u00e8 considerata una delle migliori al mondo, in quanto i suoi medici sono altamente esperti e i prezzi per il lavoro di laboratorio sono molto economici rispetto ai prezzi nel resto dei paesi europei. Questo non significa che ci siano differenze di qualit\u00e0. Al contrario. I materiali utilizzati nei laboratori odontotecnici turchi e la competenza dei laboratori turchi sono i primi al mondo. Inoltre, la Turchia in generale e Istanbul in particolare sono un luogo caratteristico, ricco di culture e di monumenti storici unici. Questo vi d\u00e0 l&#8217;opportunit\u00e0 di trascorrere una vacanza speciale, oltre a ottenere i migliori servizi sanitari. E non dimenticate mai la cucina turca, che con i suoi piatti unici rende il vostro viaggio un&#8217;esperienza indimenticabile.<\/p>\n\n\n\n<h2 class=\"wp-block-heading has-pw-main-color has-text-color has-link-color wp-elements-6f7c95199b2ef5e4b7cd2bf859c3c89a\" id=\"quali-sono-le-fasi-per-ottenere-un-sorriso-hollywoodiano\"><strong>Quali sono le fasi per ottenere un sorriso hollywoodiano?<\/strong><\/h2>\n\n\n\n<p>1) In un primo momento il paziente viene sottoposto a un esame clinico da parte di un dentista specializzato, dopodich\u00e9 viene confermato il piano di trattamento e si decide se il paziente ha bisogno di impianti dentali, oltre a stabilire se <a href=\"https:\/\/biusmile.com\/it\/vantaggi-delle-faccette-per-un-sorriso-perfetto\/\">le faccette<\/a> sono pi\u00f9 adatte delle corone in zirconio o viceversa.<\/p>\n\n\n\n<p>2) Il medico tratta eventuali problemi dei denti del paziente, come la carie, o estrae il nervo del dente, se necessario. Dopodich\u00e9, il medico inizia a preparare il dente limandolo nella misura richiesta, in modo che sia pronto a ricevere le faccette dentali.<\/p>\n\n\n\n<p>3) Viene presa un&#8217;impronta dei denti che viene inviata al laboratorio odontotecnico per iniziare la progettazione delle corone o delle faccette dentali.<\/p>\n\n\n\n<p>4) Nella visita successiva, il medico applicher\u00e0 le faccette dentali ai denti del paziente dopo averli puliti perfettamente per assicurarsi che non ci sia sporcizia tra il dente e la faccetta, perch\u00e9 questo causa problemi in futuro.<\/p>\n\n\n\n<p>5) Dopo essersi assicurato che le faccette dentali siano applicate, il dentista si assicura che non vi siano bave, oltre a verificare che l&#8217;occlusione dentale sia eccellente e che non vi siano ostruzioni durante il morso.<\/p>\n\n\n\n<figure class=\"wp-block-image size-full alignnone size-medium wp-image-1477\"><img loading=\"lazy\" decoding=\"async\" width=\"1200\" height=\"800\" src=\"https:\/\/biusmile.com\/wp-content\/uploads\/2024\/10\/Hollywood-Smile-2.png\" alt=\"Hollywood Smile\" class=\"wp-image-1477\" srcset=\"https:\/\/biusmile.com\/wp-content\/uploads\/2024\/10\/Hollywood-Smile-2.png 1200w, https:\/\/biusmile.com\/wp-content\/uploads\/2024\/10\/Hollywood-Smile-2-300x200.png 300w, https:\/\/biusmile.com\/wp-content\/uploads\/2024\/10\/Hollywood-Smile-2-1024x683.png 1024w, https:\/\/biusmile.com\/wp-content\/uploads\/2024\/10\/Hollywood-Smile-2-768x512.png 768w\" sizes=\"auto, (max-width: 1200px) 100vw, 1200px\" \/><\/figure>\n\n\n\n<h2 class=\"wp-block-heading has-pw-main-color has-text-color has-link-color wp-elements-0def282fb35a0954c2592e340dae35d0\" id=\"il-sorriso-hollywoodiano-e-permanente\"><strong>Il sorriso hollywoodiano \u00e8 permanente?<\/strong><\/h2>\n\n\n\n<p>Possiamo dire che un sorriso <a href=\"https:\/\/biusmile.com\/it\/impianti-dentali-la-soluzione-permanente-per-i-denti-mancanti\/\">hollywoodiano<\/a> dura a lungo, fino a 25 anni, se ci sono le condizioni ideali per ottenerlo, come l&#8217;abilit\u00e0 del medico e la qualit\u00e0 dei materiali utilizzati, oltre all&#8217;abilit\u00e0 del laboratorio odontotecnico. Inoltre, la cura dei denti, oltre a seguire i consigli del medico, gioca un ruolo importante nel mantenere l&#8217;integrit\u00e0 e la bellezza del sorriso.<\/p>\n\n\n\n<h2 class=\"wp-block-heading has-pw-main-color has-text-color has-link-color wp-elements-93317da07b509dc67c485ab48e2dca15\" id=\"il-costo-di-un-sorriso-hollywoodiano\"><strong>Il costo di un sorriso hollywoodiano<\/strong><\/h2>\n\n\n\n<p>I prezzi del sorriso hollywoodiano variano da *** a ****. Il costo finale di un sorriso hollywoodiano varia a seconda delle procedure scelte, della posizione geografica della clinica e delle vostre esigenze in termini di qualit\u00e0 dei materiali utilizzati.<\/p>\n\n\n\n<p><em>Potete contattare il team Biusmile per ottenere le migliori offerte di prezzo per il sorriso hollywoodiano che includono tutte le spese<\/em>.<\/p>\n\n\n\n<h2 class=\"wp-block-heading has-pw-main-color has-text-color has-link-color wp-elements-38ba5a3257309350e85e65b690c4d733\" id=\"qual-e-il-costo-di-un-sorriso-hollywoodiano-in-turchia\"><strong>Qual \u00e8 il costo di un sorriso hollywoodiano in Turchia?<\/strong><\/h2>\n\n\n\n<p>L&#8217;aspetto importante che contraddistingue gli interventi odontoiatrici in Turchia, siano essi medici o estetici, \u00e8 che i loro prezzi sono molto pi\u00f9 ragionevoli rispetto alla maggior parte dei Paesi europei, oltre al fatto che la qualit\u00e0 non \u00e8 inferiore a quella dei Paesi citati. In generale, possiamo fornire <strong>una media dei prezzi di Hollywood Smile in Turchia rispetto ad alcuni Paesi europei<\/strong><\/p>\n\n\n\n<p>&nbsp;<\/p>\n\n\n\n<figure class=\"wp-block-table\"><table class=\"has-text-color has-link-color has-fixed-layout\" style=\"color:#3260d7\"><tbody><tr><td><p> Turchia<\/p><\/td><td><p>2000\/8000<\/p><\/td><td><p>EUR<\/p><\/td><\/tr><tr><td><p>Italia<\/p><\/td><td><p>1000\/20000<\/p><\/td><td><p>EUR<\/p><\/td><\/tr><tr><td><p>Germania<\/p><\/td><td><p>15000\/30000<\/p><\/td><td><p>EUR<\/p><\/td><\/tr><tr><td><p>Iran<\/p><\/td><td><p>2000\/8000<\/p><\/td><td><p>EUR<\/p><\/td><\/tr><tr><td><p>Inghilterra<\/p><\/td><td><p>15000\/25000<\/p><\/td><td><p>EUR<\/p><\/td><\/tr><tr><td><p>USA<\/p><\/td><td><p>25000\/50000<\/p><\/td><td><p>EUR<\/p><\/td><\/tr><\/tbody><\/table><\/figure>\n\n\n\n<p>&nbsp;<\/p>\n\n\n\n<p>Venite a trovarci su <a href=\"https:\/\/www.youtube.com\/channel\/UCV52Sj-YE7iSlUHCglu7KVw\" target=\"_blank\" rel=\"noopener\">Youtube<\/a><\/p>\n\n\n\n<div style=\"height:50px\" aria-hidden=\"true\" class=\"wp-block-spacer\"><\/div>\n\n\n\n<h2 class=\"wp-block-heading has-pw-main-color has-text-color has-link-color wp-elements-55007e1e73a75b141f5b268286966870\" id=\"other-treatments\">Altri Trattamenti<\/h2>\n\n\n\n<hr class=\"wp-block-separator has-text-color has-pw-main-color has-alpha-channel-opacity has-pw-main-background-color has-background is-style-wide\"\/>\n\n\n\n<div style=\"height:25px\" aria-hidden=\"true\" class=\"wp-block-spacer\"><\/div>\n\n\n\n<div class=\"wp-block-columns is-layout-flex wp-container-core-columns-is-layout-9d6595d7 wp-block-columns-is-layout-flex\">\n<div class=\"wp-block-column is-layout-flow wp-block-column-is-layout-flow\">\n<figure class=\"wp-block-image size-full\"><a href=\"https:\/\/biusmile.com\/it\/impianto-dentale\/\"><img loading=\"lazy\" decoding=\"async\" width=\"365\" height=\"244\" src=\"https:\/\/biusmile.com\/wp-content\/uploads\/2024\/03\/implant-1.png\" alt=\"\" class=\"wp-image-104\" srcset=\"https:\/\/biusmile.com\/wp-content\/uploads\/2024\/03\/implant-1.png 365w, https:\/\/biusmile.com\/wp-content\/uploads\/2024\/03\/implant-1-300x201.png 300w\" sizes=\"auto, (max-width: 365px) 100vw, 365px\" \/><\/a><\/figure>\n\n\n\n<h2 class=\"wp-block-heading has-pw-main-color has-text-color has-link-color wp-elements-5258eadf98136dc6edc2c32568ef6cf8\" id=\"impianto-dentale\"><strong><a href=\"https:\/\/biusmile.com\/it\/impianto-dentale\/\">Impianto dentale<\/a><\/strong><\/h2>\n<\/div>\n\n\n\n<div class=\"wp-block-column is-layout-flow wp-block-column-is-layout-flow\">\n<figure class=\"wp-block-image size-full\"><a href=\"https:\/\/biusmile.com\/it\/faccette\/\"><img loading=\"lazy\" decoding=\"async\" width=\"365\" height=\"244\" src=\"https:\/\/biusmile.com\/wp-content\/uploads\/2024\/03\/veneers.png\" alt=\"\" class=\"wp-image-102\" srcset=\"https:\/\/biusmile.com\/wp-content\/uploads\/2024\/03\/veneers.png 365w, https:\/\/biusmile.com\/wp-content\/uploads\/2024\/03\/veneers-300x201.png 300w\" sizes=\"auto, (max-width: 365px) 100vw, 365px\" \/><\/a><\/figure>\n\n\n\n<h2 class=\"wp-block-heading has-pw-main-color has-text-color has-link-color wp-elements-4248cd5019a974e42e609df37d1186ad\" id=\"faccette\"><a href=\"https:\/\/biusmile.com\/it\/faccette\/\" data-type=\"page\" data-id=\"169\"><strong>Faccette<\/strong><\/a><\/h2>\n<\/div>\n<\/div>\n","protected":false},"excerpt":{"rendered":"<p>Che cos&#8217;\u00e8 l&#8217;Hollywood Smile? Il termine \u201c sorriso hollywoodiano\u201d si riferisce a un trattamento o a un gruppo di trattamenti &#8230; <\/p>\n","protected":false},"author":1,"featured_media":479,"parent":0,"menu_order":0,"comment_status":"closed","ping_status":"closed","template":"","meta":{"_acf_changed":false,"footnotes":""},"class_list":["post-583","page","type-page","status-publish","has-post-thumbnail","hentry"],"acf":[],"jetpack_sharing_enabled":true,"_links":{"self":[{"href":"https:\/\/biusmile.com\/it\/wp-json\/wp\/v2\/pages\/583","targetHints":{"allow":["GET"]}}],"collection":[{"href":"https:\/\/biusmile.com\/it\/wp-json\/wp\/v2\/pages"}],"about":[{"href":"https:\/\/biusmile.com\/it\/wp-json\/wp\/v2\/types\/page"}],"author":[{"embeddable":true,"href":"https:\/\/biusmile.com\/it\/wp-json\/wp\/v2\/users\/1"}],"replies":[{"embeddable":true,"href":"https:\/\/biusmile.com\/it\/wp-json\/wp\/v2\/comments?post=583"}],"version-history":[{"count":20,"href":"https:\/\/biusmile.com\/it\/wp-json\/wp\/v2\/pages\/583\/revisions"}],"predecessor-version":[{"id":1658,"href":"https:\/\/biusmile.com\/it\/wp-json\/wp\/v2\/pages\/583\/revisions\/1658"}],"wp:featuredmedia":[{"embeddable":true,"href":"https:\/\/biusmile.com\/it\/wp-json\/wp\/v2\/media\/479"}],"wp:attachment":[{"href":"https:\/\/biusmile.com\/it\/wp-json\/wp\/v2\/media?parent=583"}],"curies":[{"name":"wp","href":"https:\/\/api.w.org\/{rel}","templated":true}]}}