{"id":567,"date":"2024-03-07T19:05:10","date_gmt":"2024-03-07T19:05:10","guid":{"rendered":"https:\/\/biusmile.com\/servizi\/"},"modified":"2024-11-01T10:53:20","modified_gmt":"2024-11-01T10:53:20","slug":"trattamenti","status":"publish","type":"page","link":"https:\/\/biusmile.com\/it\/trattamenti\/","title":{"rendered":"Trattamenti"},"content":{"rendered":"\n<p><em>In buismile crediamo che un sorriso bello sia la chiave per una grande autostima. Per questo ti offriamo una vasta gamma di trattamenti estetici, tra cui impianti dentali, faccette e il famoso &#8220;Hollywood smile&#8221;. Goditi un sorriso naturale e affascinante che dura una vita.<\/em><\/p>\n\n\n\n<div style=\"height:50px\" aria-hidden=\"true\" class=\"wp-block-spacer\"><\/div>\n\n\n\n<div class=\"wp-block-columns is-layout-flex wp-container-core-columns-is-layout-9d6595d7 wp-block-columns-is-layout-flex\">\n<div class=\"wp-block-column is-layout-flow wp-block-column-is-layout-flow\">\n<figure class=\"wp-block-image size-full is-resized\"><a href=\"https:\/\/biusmile.com\/it\/sorriso-hollywoodiano\/\"><img loading=\"lazy\" decoding=\"async\" width=\"365\" height=\"244\" src=\"https:\/\/biusmile.com\/wp-content\/uploads\/2024\/03\/zirconium.png\" alt=\"\" class=\"wp-image-103\" style=\"object-fit:cover;width:400px;height:300px\" srcset=\"https:\/\/biusmile.com\/wp-content\/uploads\/2024\/03\/zirconium.png 365w, https:\/\/biusmile.com\/wp-content\/uploads\/2024\/03\/zirconium-300x201.png 300w\" sizes=\"auto, (max-width: 365px) 100vw, 365px\" \/><\/a><\/figure>\n\n\n\n<p class=\"has-pw-main-color has-text-color has-link-color wp-elements-384d0338435ad3e6a632c59ae178208d\" style=\"font-size:30px\"><strong><a href=\"https:\/\/biusmile.com\/it\/sorriso-hollywoodiano\/\" data-type=\"page\" data-id=\"583\">Sorriso di Hollywood<\/a><\/strong><\/p>\n\n\n\n<p>Sono disponibili molti metodi per ottenere un sorriso di Hollywood, ognuno con caratteristiche e vantaggi propri.<\/p>\n<\/div>\n\n\n\n<div class=\"wp-block-column is-layout-flow wp-block-column-is-layout-flow\">\n<figure class=\"wp-block-image size-full is-resized\"><a href=\"https:\/\/biusmile.com\/it\/impianto-dentale\/\"><img loading=\"lazy\" decoding=\"async\" width=\"365\" height=\"244\" src=\"https:\/\/biusmile.com\/wp-content\/uploads\/2024\/03\/implant-1.png\" alt=\"\" class=\"wp-image-104\" style=\"object-fit:cover;width:400px;height:300px\" srcset=\"https:\/\/biusmile.com\/wp-content\/uploads\/2024\/03\/implant-1.png 365w, https:\/\/biusmile.com\/wp-content\/uploads\/2024\/03\/implant-1-300x201.png 300w\" sizes=\"auto, (max-width: 365px) 100vw, 365px\" \/><\/a><\/figure>\n\n\n\n<p class=\"has-pw-main-color has-text-color has-link-color wp-elements-a1615340eeff3cccdfc0d79e6e917cb6\" style=\"font-size:30px\"><strong><a href=\"https:\/\/biusmile.com\/it\/impianto-dentale\/\" data-type=\"link\" data-id=\"https:\/\/biusmile.com\/it\/impianto-dentale\/\">Impianto Dentale<\/a><\/strong><\/p>\n\n\n\n<p>Gli impianti dentali hanno rivoluzionato il mondo della medicina moderna in termini di espansione e sviluppo, raggiungendo oggi fasi molto avanzate.<\/p>\n<\/div>\n<\/div>\n\n\n\n<div class=\"wp-block-columns is-layout-flex wp-container-core-columns-is-layout-9d6595d7 wp-block-columns-is-layout-flex\">\n<div class=\"wp-block-column is-layout-flow wp-block-column-is-layout-flow\">\n<figure class=\"wp-block-image size-full is-resized\"><a href=\"https:\/\/biusmile.com\/it\/faccette\/\"><img loading=\"lazy\" decoding=\"async\" width=\"365\" height=\"244\" src=\"https:\/\/biusmile.com\/wp-content\/uploads\/2024\/03\/veneers.png\" alt=\"\" class=\"wp-image-102\" style=\"object-fit:cover;width:400px;height:300px\" srcset=\"https:\/\/biusmile.com\/wp-content\/uploads\/2024\/03\/veneers.png 365w, https:\/\/biusmile.com\/wp-content\/uploads\/2024\/03\/veneers-300x201.png 300w\" sizes=\"auto, (max-width: 365px) 100vw, 365px\" \/><\/a><\/figure>\n\n\n\n<p class=\"has-pw-main-color has-text-color has-link-color wp-elements-ae29d40c6002959648bb5803b7a8ad5a\" style=\"font-size:30px\"><strong><a href=\"https:\/\/biusmile.com\/it\/faccette\/\" data-type=\"link\" data-id=\"https:\/\/biusmile.com\/it\/faccette\/\">Faccette<\/a><\/strong><\/p>\n\n\n\n<p>Le faccette hanno fatto una grande differenza nell&#8217;odontoiatria, poich\u00e9 il Sorriso di Hollywood \u00e8 diventato uno dei componenti essenziali per una vasta categoria di artisti, cantanti e celebrit\u00e0.<\/p>\n<\/div>\n\n\n\n<div class=\"wp-block-column is-layout-flow wp-block-column-is-layout-flow\"><\/div>\n<\/div>\n","protected":false},"excerpt":{"rendered":"<p>In buismile crediamo che un sorriso bello sia la chiave per una grande autostima. Per questo ti offriamo una vasta &#8230; <\/p>\n","protected":false},"author":1,"featured_media":1101,"parent":0,"menu_order":0,"comment_status":"closed","ping_status":"closed","template":"","meta":{"_acf_changed":false,"footnotes":""},"class_list":["post-567","page","type-page","status-publish","has-post-thumbnail","hentry"],"acf":[],"jetpack_sharing_enabled":true,"_links":{"self":[{"href":"https:\/\/biusmile.com\/it\/wp-json\/wp\/v2\/pages\/567","targetHints":{"allow":["GET"]}}],"collection":[{"href":"https:\/\/biusmile.com\/it\/wp-json\/wp\/v2\/pages"}],"about":[{"href":"https:\/\/biusmile.com\/it\/wp-json\/wp\/v2\/types\/page"}],"author":[{"embeddable":true,"href":"https:\/\/biusmile.com\/it\/wp-json\/wp\/v2\/users\/1"}],"replies":[{"embeddable":true,"href":"https:\/\/biusmile.com\/it\/wp-json\/wp\/v2\/comments?post=567"}],"version-history":[{"count":5,"href":"https:\/\/biusmile.com\/it\/wp-json\/wp\/v2\/pages\/567\/revisions"}],"predecessor-version":[{"id":1571,"href":"https:\/\/biusmile.com\/it\/wp-json\/wp\/v2\/pages\/567\/revisions\/1571"}],"wp:featuredmedia":[{"embeddable":true,"href":"https:\/\/biusmile.com\/it\/wp-json\/wp\/v2\/media\/1101"}],"wp:attachment":[{"href":"https:\/\/biusmile.com\/it\/wp-json\/wp\/v2\/media?parent=567"}],"curies":[{"name":"wp","href":"https:\/\/api.w.org\/{rel}","templated":true}]}}