{"id":557,"date":"2024-03-07T11:20:48","date_gmt":"2024-03-07T11:20:48","guid":{"rendered":"https:\/\/biusmile.com\/contatto\/"},"modified":"2024-11-19T14:51:06","modified_gmt":"2024-11-19T14:51:06","slug":"contatto","status":"publish","type":"page","link":"https:\/\/biusmile.com\/it\/contatto\/","title":{"rendered":"Contatto"},"content":{"rendered":"\n<div class=\"wp-block-columns has-background is-layout-flex wp-container-core-columns-is-layout-9d6595d7 wp-block-columns-is-layout-flex\" style=\"background-color:#f4f4f4\">\n<div class=\"wp-block-column is-layout-flow wp-block-column-is-layout-flow\">\n<iframe aria-label=\"wibsait\" frameborder=\"0\" style=\"height:500px;width:100%;border:none;\" src=\"https:\/\/forms.zohopublic.com\/biusmile\/form\/wibsait\/formperma\/XiiOBpMKHApnLmr_LF1ZuIJ9Q5bx24RnnUQoRTj7si8\"><\/iframe>\n<\/div>\n\n\n\n<div class=\"wp-block-column is-layout-flow wp-block-column-is-layout-flow\"><div class=\"wp-block-image\">\n<figure class=\"aligncenter size-full is-resized\"><img loading=\"lazy\" decoding=\"async\" width=\"930\" height=\"787\" src=\"https:\/\/biusmile.com\/wp-content\/uploads\/2024\/10\/BIU-SMILE-LOGO.png\" alt=\"\" class=\"wp-image-824\" style=\"width:352px\" srcset=\"https:\/\/biusmile.com\/wp-content\/uploads\/2024\/10\/BIU-SMILE-LOGO.png 930w, https:\/\/biusmile.com\/wp-content\/uploads\/2024\/10\/BIU-SMILE-LOGO-300x254.png 300w, https:\/\/biusmile.com\/wp-content\/uploads\/2024\/10\/BIU-SMILE-LOGO-768x650.png 768w\" sizes=\"auto, (max-width: 930px) 100vw, 930px\" \/><\/figure>\n<\/div><\/div>\n<\/div>\n\n\n\n<div class=\"wp-block-columns is-layout-flex wp-container-core-columns-is-layout-9d6595d7 wp-block-columns-is-layout-flex\">\n<div class=\"wp-block-column is-vertically-aligned-top is-layout-flow wp-block-column-is-layout-flow\">\n<h2 class=\"wp-block-heading\">Contatto<\/h2>\n\n\n\n<p>WhatsAppa : <a href=\"http:\/\/wa.me\/00905522490957\" target=\"_blank\" rel=\"noopener\">00905522490957<\/a><\/p>\n\n\n\n<p>Telefono : <a href=\"tel:00902126314593\">00902126314593<\/a><\/p>\n\n\n\n<h2 class=\"wp-block-heading\">E-mail<\/h2>\n\n\n\n<p><a href=\"mailto:info@biusmile.com\">info@biusmile.com<\/a><\/p>\n\n\n\n<h2 class=\"wp-block-heading\">Indirizzo<\/h2>\n\n\n\n<p><a href=\"https:\/\/maps.app.goo.gl\/kzfmWtHkcxcNUqMAA\" target=\"_blank\" rel=\"noopener\">\u00d6mer Avni, T\u00fcm\u015fah Han, \u0130n\u00f6n\u00fc Cd. 34437 Beyo\u011flu\/\u0130stanbul<\/a><\/p>\n<\/div>\n\n\n\n<div class=\"wp-block-column is-layout-flow wp-block-column-is-layout-flow\" style=\"flex-basis:40%\">\n<h2 class=\"wp-block-heading\">Ore di lavoro<\/h2>\n\n\n<dl class=\"jetpack-business-hours wp-block-jetpack-business-hours\"><div class=\"jetpack-business-hours__item\"><dt class=\"Mon\">Luned\u00ec<\/dt><dd class=\"Mon\">10:00 am &#8211; 7:00 pm<\/dd><\/div><div class=\"jetpack-business-hours__item\"><dt class=\"Tue\">Marted\u00ec<\/dt><dd class=\"Tue\">10:00 am &#8211; 7:00 pm<\/dd><\/div><div class=\"jetpack-business-hours__item\"><dt class=\"Wed\">Mercoled\u00ec<\/dt><dd class=\"Wed\">10:00 am &#8211; 7:00 pm<\/dd><\/div><div class=\"jetpack-business-hours__item\"><dt class=\"Thu\">Gioved\u00ec<\/dt><dd class=\"Thu\">10:00 am &#8211; 7:00 pm<\/dd><\/div><div class=\"jetpack-business-hours__item\"><dt class=\"Fri\">Venerd\u00ec<\/dt><dd class=\"Fri\">10:00 am &#8211; 7:00 pm<\/dd><\/div><div class=\"jetpack-business-hours__item\"><dt class=\"Sat\">Sabato<\/dt><dd class=\"Sat\">10:00 am &#8211; 7:00 pm<\/dd><\/div><div class=\"jetpack-business-hours__item\"><dt class=\"Sun\">Domenica<\/dt><dd class=\"Sun\">Chiuso<\/dd><\/div><\/dl><\/div>\n<\/div>\n\n\n\n<div style=\"height:50px\" aria-hidden=\"true\" class=\"wp-block-spacer\"><\/div>\n\n\n\n<h2 class=\"wp-block-heading\">Visita la nostra clinica<\/h2>\n\n\n\n<hr class=\"wp-block-separator has-text-color has-pw-main-color has-alpha-channel-opacity has-pw-main-background-color has-background is-style-wide\"\/>\n\n\n\n<div class=\"wp-block-columns is-layout-flex wp-container-core-columns-is-layout-9d6595d7 wp-block-columns-is-layout-flex\">\n<div class=\"wp-block-column is-layout-flow wp-block-column-is-layout-flow\" style=\"flex-basis:100%\">\n<iframe src=\"https:\/\/www.google.com\/maps\/embed?pb=!1m14!1m8!1m3!1d6018.921795236178!2d28.991505!3d41.037049!3m2!1i1024!2i768!4f13.1!3m3!1m2!1s0x14caba300f869711%3A0x1915695217b2d543!2sBiu%20Smile!5e0!3m2!1sen!2str!4v1709833764401!5m2!1sen!2str\" width=\"100%\" height=\"400\" style=\"border:0;\" allowfullscreen=\"\" loading=\"lazy\" referrerpolicy=\"no-referrer-when-downgrade\"><\/iframe>\n<\/div>\n<\/div>\n","protected":false},"excerpt":{"rendered":"<p>Contatto WhatsAppa : 00905522490957 Telefono : 00902126314593 E-mail info@biusmile.com Indirizzo \u00d6mer Avni, T\u00fcm\u015fah Han, \u0130n\u00f6n\u00fc Cd. 34437 Beyo\u011flu\/\u0130stanbul Ore di &#8230; <\/p>\n","protected":false},"author":1,"featured_media":1104,"parent":0,"menu_order":0,"comment_status":"closed","ping_status":"closed","template":"template-wide.php","meta":{"_acf_changed":false,"footnotes":""},"class_list":["post-557","page","type-page","status-publish","has-post-thumbnail","hentry"],"acf":[],"jetpack_sharing_enabled":true,"_links":{"self":[{"href":"https:\/\/biusmile.com\/it\/wp-json\/wp\/v2\/pages\/557","targetHints":{"allow":["GET"]}}],"collection":[{"href":"https:\/\/biusmile.com\/it\/wp-json\/wp\/v2\/pages"}],"about":[{"href":"https:\/\/biusmile.com\/it\/wp-json\/wp\/v2\/types\/page"}],"author":[{"embeddable":true,"href":"https:\/\/biusmile.com\/it\/wp-json\/wp\/v2\/users\/1"}],"replies":[{"embeddable":true,"href":"https:\/\/biusmile.com\/it\/wp-json\/wp\/v2\/comments?post=557"}],"version-history":[{"count":8,"href":"https:\/\/biusmile.com\/it\/wp-json\/wp\/v2\/pages\/557\/revisions"}],"predecessor-version":[{"id":1678,"href":"https:\/\/biusmile.com\/it\/wp-json\/wp\/v2\/pages\/557\/revisions\/1678"}],"wp:featuredmedia":[{"embeddable":true,"href":"https:\/\/biusmile.com\/it\/wp-json\/wp\/v2\/media\/1104"}],"wp:attachment":[{"href":"https:\/\/biusmile.com\/it\/wp-json\/wp\/v2\/media?parent=557"}],"curies":[{"name":"wp","href":"https:\/\/api.w.org\/{rel}","templated":true}]}}