{"id":559,"date":"2024-03-07T11:20:48","date_gmt":"2024-03-07T11:20:48","guid":{"rendered":"https:\/\/biusmile.com\/%d8%a7%d8%aa%d8%b5%d8%a7%d9%84\/"},"modified":"2024-11-19T14:50:28","modified_gmt":"2024-11-19T14:50:28","slug":"%d8%a7%d8%aa%d8%b5%d8%a7%d9%84","status":"publish","type":"page","link":"https:\/\/biusmile.com\/ar\/%d8%a7%d8%aa%d8%b5%d8%a7%d9%84\/","title":{"rendered":"\u062a\u0648\u0627\u0635\u0644 \u0645\u0639\u0646\u0627"},"content":{"rendered":"\n<div class=\"wp-block-columns has-background is-layout-flex wp-container-core-columns-is-layout-9d6595d7 wp-block-columns-is-layout-flex\" style=\"background-color:#f4f4f4\">\n<div class=\"wp-block-column is-layout-flow wp-block-column-is-layout-flow\">\n<iframe aria-label=\"wibsait\" frameborder=\"0\" style=\"height:500px;width:100%;border:none;\" src=\"https:\/\/forms.zohopublic.com\/biusmile\/form\/wibsait\/formperma\/XiiOBpMKHApnLmr_LF1ZuIJ9Q5bx24RnnUQoRTj7si8\"><\/iframe>\n\n\n<!-- Snap Pixel Code -->\n<script type=\"text\/javascript\">\n(function(e,t,n){if(e.snaptr)return;var a=e.snaptr=function()\n{a.handleRequest?a.handleRequest.apply(a,arguments):a.queue.push(arguments)};\na.queue=[];var s='script';r=t.createElement(s);r.async=!0;\nr.src=n;var u=t.getElementsByTagName(s)[0];\nu.parentNode.insertBefore(r,u);})(window,document,\n'https:\/\/sc-static.net\/scevent.min.js');\n\nsnaptr('init', 'd6fc5eb7-d550-49ea-b0ec-405e0c0b727c', {\n'user_email': '__INSERT_USER_EMAIL__'\n});\n\nsnaptr('track', 'PAGE_VIEW');\n\n<\/script>\n<!-- End Snap Pixel Code -->\n<\/div>\n\n\n\n<div class=\"wp-block-column is-layout-flow wp-block-column-is-layout-flow\"><div class=\"wp-block-image\">\n<figure class=\"aligncenter size-full is-resized\"><img loading=\"lazy\" decoding=\"async\" width=\"930\" height=\"787\" src=\"https:\/\/biusmile.com\/wp-content\/uploads\/2024\/10\/BIU-SMILE-LOGO.png\" alt=\"\" class=\"wp-image-822\" style=\"width:352px;height:auto\" srcset=\"https:\/\/biusmile.com\/wp-content\/uploads\/2024\/10\/BIU-SMILE-LOGO.png 930w, https:\/\/biusmile.com\/wp-content\/uploads\/2024\/10\/BIU-SMILE-LOGO-300x254.png 300w, https:\/\/biusmile.com\/wp-content\/uploads\/2024\/10\/BIU-SMILE-LOGO-768x650.png 768w\" sizes=\"auto, (max-width: 930px) 100vw, 930px\" \/><\/figure>\n<\/div><\/div>\n<\/div>\n\n\n\n<div class=\"wp-block-columns is-layout-flex wp-container-core-columns-is-layout-9d6595d7 wp-block-columns-is-layout-flex\">\n<div class=\"wp-block-column is-vertically-aligned-top is-layout-flow wp-block-column-is-layout-flow\">\n<h2 class=\"wp-block-heading\">\u062a\u0648\u0627\u0635\u0644 \u0645\u0639\u0646\u0627<\/h2>\n\n\n\n<p>WhatsAppa : <a href=\"http:\/\/wa.me\/00905522490957\" target=\"_blank\" rel=\"noopener\">00905522490957<\/a><\/p>\n\n\n\n<p>Phone : <a href=\"tel:00902126314593\">00902126314593<\/a><\/p>\n\n\n\n<h2 class=\"wp-block-heading\">\u0628\u0631\u064a\u062f \u0625\u0644\u0643\u062a\u0631\u0648\u0646\u064a<\/h2>\n\n\n\n<p><a href=\"mailto:info@biusmile.com\">info@biusmile.com<\/a><\/p>\n\n\n\n<h2 class=\"wp-block-heading\">\u0627\u0644\u0639\u0646\u0648\u0627\u0646<\/h2>\n\n\n\n<p><a href=\"https:\/\/maps.app.goo.gl\/kzfmWtHkcxcNUqMAA\" target=\"_blank\" rel=\"noopener\">\u00d6mer Avni, T\u00fcm\u015fah Han, \u0130n\u00f6n\u00fc Cd. 34437 Beyo\u011flu\/\u0130stanbul<\/a><\/p>\n<\/div>\n\n\n\n<div class=\"wp-block-column is-layout-flow wp-block-column-is-layout-flow\" style=\"flex-basis:40%\">\n<h2 class=\"wp-block-heading\">\u0633\u0627\u0639\u0627\u062a \u0627\u0644\u0639\u0645\u0644<\/h2>\n\n\n<dl class=\"jetpack-business-hours wp-block-jetpack-business-hours\"><div class=\"jetpack-business-hours__item\"><dt class=\"Mon\">\u0627\u0644\u0625\u062b\u0646\u064a\u0646<\/dt><dd class=\"Mon\">10:00 am &#8211; 7:00 pm<\/dd><\/div><div class=\"jetpack-business-hours__item\"><dt class=\"Tue\">\u0627\u0644\u062b\u0644\u0627\u062b\u0627\u0621<\/dt><dd class=\"Tue\">10:00 am &#8211; 7:00 pm<\/dd><\/div><div class=\"jetpack-business-hours__item\"><dt class=\"Wed\">\u0627\u0644\u0623\u0631\u0628\u0639\u0627\u0621<\/dt><dd class=\"Wed\">10:00 am &#8211; 7:00 pm<\/dd><\/div><div class=\"jetpack-business-hours__item\"><dt class=\"Thu\">\u0627\u0644\u062e\u0645\u064a\u0633<\/dt><dd class=\"Thu\">10:00 am &#8211; 7:00 pm<\/dd><\/div><div class=\"jetpack-business-hours__item\"><dt class=\"Fri\">\u0627\u0644\u062c\u0645\u0639\u0629<\/dt><dd class=\"Fri\">10:00 am &#8211; 7:00 pm<\/dd><\/div><div class=\"jetpack-business-hours__item\"><dt class=\"Sat\">\u0627\u0644\u0633\u0628\u062a<\/dt><dd class=\"Sat\">10:00 am &#8211; 7:00 pm<\/dd><\/div><div class=\"jetpack-business-hours__item\"><dt class=\"Sun\">\u0627\u0644\u0623\u062d\u062f<\/dt><dd class=\"Sun\">\u0645\u063a\u0644\u0642<\/dd><\/div><\/dl><\/div>\n<\/div>\n\n\n\n<div style=\"height:50px\" aria-hidden=\"true\" class=\"wp-block-spacer\"><\/div>\n\n\n\n<h2 class=\"wp-block-heading\">\u062a\u0641\u0636\u0644 \u0628\u0632\u064a\u0627\u0631\u0629 \u0639\u064a\u0627\u062f\u062a\u0646\u0627<\/h2>\n\n\n\n<hr class=\"wp-block-separator has-text-color has-pw-main-color has-alpha-channel-opacity has-pw-main-background-color has-background is-style-wide\"\/>\n\n\n\n<div class=\"wp-block-columns is-layout-flex wp-container-core-columns-is-layout-9d6595d7 wp-block-columns-is-layout-flex\">\n<div class=\"wp-block-column is-layout-flow wp-block-column-is-layout-flow\" style=\"flex-basis:100%\">\n<iframe src=\"https:\/\/www.google.com\/maps\/embed?pb=!1m14!1m8!1m3!1d6018.921795236178!2d28.991505!3d41.037049!3m2!1i1024!2i768!4f13.1!3m3!1m2!1s0x14caba300f869711%3A0x1915695217b2d543!2sBiu%20Smile!5e0!3m2!1sen!2str!4v1709833764401!5m2!1sen!2str\" width=\"100%\" height=\"400\" style=\"border:0;\" allowfullscreen=\"\" loading=\"lazy\" referrerpolicy=\"no-referrer-when-downgrade\"><\/iframe>\n<\/div>\n<\/div>\n","protected":false},"excerpt":{"rendered":"<p>\u062a\u0648\u0627\u0635\u0644 \u0645\u0639\u0646\u0627 WhatsAppa : 00905522490957 Phone : 00902126314593 \u0628\u0631\u064a\u062f \u0625\u0644\u0643\u062a\u0631\u0648\u0646\u064a info@biusmile.com \u0627\u0644\u0639\u0646\u0648\u0627\u0646 \u00d6mer Avni, T\u00fcm\u015fah Han, \u0130n\u00f6n\u00fc Cd. 34437 Beyo\u011flu\/\u0130stanbul &#8230; <\/p>\n","protected":false},"author":1,"featured_media":987,"parent":0,"menu_order":0,"comment_status":"closed","ping_status":"closed","template":"template-wide.php","meta":{"_acf_changed":false,"footnotes":""},"class_list":["post-559","page","type-page","status-publish","has-post-thumbnail","hentry"],"acf":[],"jetpack_sharing_enabled":true,"_links":{"self":[{"href":"https:\/\/biusmile.com\/ar\/wp-json\/wp\/v2\/pages\/559","targetHints":{"allow":["GET"]}}],"collection":[{"href":"https:\/\/biusmile.com\/ar\/wp-json\/wp\/v2\/pages"}],"about":[{"href":"https:\/\/biusmile.com\/ar\/wp-json\/wp\/v2\/types\/page"}],"author":[{"embeddable":true,"href":"https:\/\/biusmile.com\/ar\/wp-json\/wp\/v2\/users\/1"}],"replies":[{"embeddable":true,"href":"https:\/\/biusmile.com\/ar\/wp-json\/wp\/v2\/comments?post=559"}],"version-history":[{"count":12,"href":"https:\/\/biusmile.com\/ar\/wp-json\/wp\/v2\/pages\/559\/revisions"}],"predecessor-version":[{"id":1677,"href":"https:\/\/biusmile.com\/ar\/wp-json\/wp\/v2\/pages\/559\/revisions\/1677"}],"wp:featuredmedia":[{"embeddable":true,"href":"https:\/\/biusmile.com\/ar\/wp-json\/wp\/v2\/media\/987"}],"wp:attachment":[{"href":"https:\/\/biusmile.com\/ar\/wp-json\/wp\/v2\/media?parent=559"}],"curies":[{"name":"wp","href":"https:\/\/api.w.org\/{rel}","templated":true}]}}